{"id":2,"date":"2025-05-27T14:54:43","date_gmt":"2025-05-27T14:54:43","guid":{"rendered":"https:\/\/anne-barthelmess.de\/wordpress\/?page_id=2"},"modified":"2026-04-13T12:45:33","modified_gmt":"2026-04-13T12:45:33","slug":"startseite","status":"publish","type":"page","link":"https:\/\/anne-barthelmess.de\/","title":{"rendered":"Feldenkrais in Berlin Charlottenburg mit Anne Barthelmess"},"content":{"rendered":"<div  class='flex_column av-r9g-251932562e4e152a3d1fd59ce52b76a2 av_two_third  avia-builder-el-0  el_before_av_one_third  avia-builder-el-first  first flex_column_div  '     ><section  class='av_textblock_section av-md5v4wbr-69aa5834cc0b03d1ff38de9531e9b9b1 '   itemscope=\"itemscope\" itemtype=\"https:\/\/schema.org\/CreativeWork\" ><div class='avia_textblock'  itemprop=\"text\" ><h1>FELDENKRAIS &#8211;<\/h1>\n<h1>ein unwiderstehliches Angebot<\/h1>\n<\/div><\/section><br \/>\n<section  class='av_textblock_section av-md7aeuv4-d4ff19d019fec1a6dd1e5b3719efb161 '   itemscope=\"itemscope\" itemtype=\"https:\/\/schema.org\/CreativeWork\" ><div class='avia_textblock'  itemprop=\"text\" ><p><span style=\"font-size: 12pt;\">Ich freue mich, dass wir uns heute hier begegnen.<\/span><br \/>\n<span style=\"font-size: 12pt;\">Ich bin Anne und mit Leib und Seele Feldenkrais \u2013 Therapeutin.<\/span><\/p>\n<p><span style=\"font-size: 12pt;\">Den K\u00f6rper durchl\u00fcften, alles wieder an seinen Platz bringen, \u00dcberfl\u00fcssiges loslassen, Freir\u00e4ume schaffen &#8211; zum Feldenkrais gehen.<\/span><\/p>\n<p><span style=\"font-size: 12pt;\">Auch Kummer, W\u00fcnsche und Tr\u00e4ume kann man in einer Einzelstunde bewegen &#8211; sei<\/span><span style=\"font-size: 12pt;\">n d\u00fcrfen, sich ber\u00fchrt f\u00fchlen, Ideen entwickeln.<\/span><\/p>\n<p><span style=\"font-size: 12pt;\">Behutsam etwas (wieder) in Bewegung bringen.<\/span><\/p>\n<\/div><\/section><\/p><\/div>\n<div  class='flex_column av-2yce-1b63bbf9ff1ef7677df5a5d10795e8f2 av_one_third  avia-builder-el-3  el_after_av_two_third  el_before_av_hr  flex_column_div  '     ><style type=\"text\/css\" data-created_by=\"avia_inline_auto\" id=\"style-css-av-md5v6kpy-0ea79a94c5fed0eb2d5e39b2068cca9a\">\n.avia-image-container.av-md5v6kpy-0ea79a94c5fed0eb2d5e39b2068cca9a img.avia_image{\nbox-shadow:none;\n}\n.avia-image-container.av-md5v6kpy-0ea79a94c5fed0eb2d5e39b2068cca9a .av-image-caption-overlay-center{\ncolor:#ffffff;\n}\n<\/style>\n<div  class='avia-image-container av-md5v6kpy-0ea79a94c5fed0eb2d5e39b2068cca9a av-styling- avia-align-center  avia-builder-el-4  avia-builder-el-no-sibling '   itemprop=\"image\" itemscope=\"itemscope\" itemtype=\"https:\/\/schema.org\/ImageObject\" ><div class=\"avia-image-container-inner\"><div class=\"avia-image-overlay-wrap\"><img decoding=\"async\" fetchpriority=\"high\" class='wp-image-383 avia-img-lazy-loading-not-383 avia_image ' src=\"https:\/\/anne-barthelmess.de\/wp-content\/uploads\/2025\/08\/DS91796__-scaled.jpg\" alt='Anne Barthelmess, Feldenkrais' title='Anne Barthelmess'  height=\"2302\" width=\"2560\"  itemprop=\"thumbnailUrl\" srcset=\"https:\/\/anne-barthelmess.de\/wp-content\/uploads\/2025\/08\/DS91796__-scaled.jpg 2560w, https:\/\/anne-barthelmess.de\/wp-content\/uploads\/2025\/08\/DS91796__-300x270.jpg 300w, https:\/\/anne-barthelmess.de\/wp-content\/uploads\/2025\/08\/DS91796__-1030x926.jpg 1030w, https:\/\/anne-barthelmess.de\/wp-content\/uploads\/2025\/08\/DS91796__-768x691.jpg 768w, https:\/\/anne-barthelmess.de\/wp-content\/uploads\/2025\/08\/DS91796__-1536x1381.jpg 1536w, https:\/\/anne-barthelmess.de\/wp-content\/uploads\/2025\/08\/DS91796__-2048x1841.jpg 2048w, https:\/\/anne-barthelmess.de\/wp-content\/uploads\/2025\/08\/DS91796__-1500x1349.jpg 1500w, https:\/\/anne-barthelmess.de\/wp-content\/uploads\/2025\/08\/DS91796__-705x634.jpg 705w\" sizes=\"(max-width: 2560px) 100vw, 2560px\" \/><\/div><\/div><\/div><\/div>\n\n<style type=\"text\/css\" data-created_by=\"avia_inline_auto\" id=\"style-css-av-mnww5srz-cc7fd7bca8272c84d9299680229e954b\">\n#top .hr.hr-invisible.av-mnww5srz-cc7fd7bca8272c84d9299680229e954b{\nheight:30px;\n}\n<\/style>\n<div  class='hr av-mnww5srz-cc7fd7bca8272c84d9299680229e954b hr-invisible  avia-builder-el-5  el_after_av_one_third  el_before_av_one_half '><span class='hr-inner '><span class=\"hr-inner-style\"><\/span><\/span><\/div>\n\n<style type=\"text\/css\" data-created_by=\"avia_inline_auto\" id=\"style-css-av-42wy-7111a4040e54d364d6ea93328d8cf5f6\">\n#top .flex_column.av-42wy-7111a4040e54d364d6ea93328d8cf5f6{\nmargin-top:0px;\nmargin-bottom:0px;\n}\n.flex_column.av-42wy-7111a4040e54d364d6ea93328d8cf5f6{\nwidth:49.5%;\nborder-radius:0 0 0 0;\npadding:20px 20px 20px 20px;\nbackground-color:#f7f7f7;\n}\n.responsive #top #wrap_all .flex_column.av-42wy-7111a4040e54d364d6ea93328d8cf5f6{\nmargin-top:0px;\nmargin-bottom:0px;\n}\n<\/style>\n<div  class='flex_column av-42wy-7111a4040e54d364d6ea93328d8cf5f6 av_one_half  avia-builder-el-6  el_after_av_hr  el_before_av_one_half  first flex_column_div  '     ><section  class='av_textblock_section av-mdpysds6-47aac7c05af4cdb73c2c368d74d4783c '   itemscope=\"itemscope\" itemtype=\"https:\/\/schema.org\/CreativeWork\" ><div class='avia_textblock'  itemprop=\"text\" ><h3>FELDENKRAIS &#8211; Online<\/h3>\n<p><span style=\"font-size: 12pt;\"><strong>wieder in Verbindung mit sich und der Welt<\/strong><\/span><\/p>\n<\/div><\/section><br \/>\n<section  class='av_textblock_section av-mktq6m4s-598254cfe22c05b6e54b036bd08cc814 '   itemscope=\"itemscope\" itemtype=\"https:\/\/schema.org\/CreativeWork\" ><div class='avia_textblock'  itemprop=\"text\" ><p><span style=\"font-size: 12pt;\"><strong>ab April 2026<\/strong><\/span><br \/>\n<span style=\"font-size: 12pt;\">6 Termine \/ 96 \u20ac \/ Start 13.4.26 \/ Mo 17:45 Uhr<\/span><br \/>\n<span style=\"font-size: 12pt;\">6 Termine \/ 96 \u20ac \/ Start 14.4.26 \/ Di 8:30 Uhr<\/span><\/p>\n<\/div><\/section><br \/>\n<section  class='av_textblock_section av-mn0hitgz-da5051815e70d454dc73e34375c764e0 '   itemscope=\"itemscope\" itemtype=\"https:\/\/schema.org\/CreativeWork\" ><div class='avia_textblock'  itemprop=\"text\" ><p><span style=\"font-size: 12pt;\"><strong>ab Juni 2026<\/strong><\/span><br \/>\n<span style=\"font-size: 12pt;\"> 5 Termine \/ 80 \u20ac \/ Start 15.6.26 \/ Mo 17:45 Uhr<\/span><br \/>\n<span style=\"font-size: 12pt;\"> 5 Termine \/ 80 \u20ac \/ Start 16.6.26 \/ Di 8:30 Uhr<\/span><\/p>\n<\/div><\/section><br \/>\n<div  class='avia-button-wrap av-mdpytxn6-2da449cb7fdbc7516a40fac3bb660d99-wrap avia-button-left  avia-builder-el-10  el_after_av_textblock  avia-builder-el-last '>\n<style type=\"text\/css\" data-created_by=\"avia_inline_auto\" id=\"style-css-av-mdpytxn6-2da449cb7fdbc7516a40fac3bb660d99\">\n#top #wrap_all .avia-button.av-mdpytxn6-2da449cb7fdbc7516a40fac3bb660d99{\nfont-size:18px;\nbackground-color:#007f9b;\nborder-color:#007f9b;\ncolor:#ffffff;\ntransition:all 0.4s ease-in-out;\n}\n#top #wrap_all .avia-button.av-mdpytxn6-2da449cb7fdbc7516a40fac3bb660d99 .avia-svg-icon svg:first-child{\nfill:#ffffff;\nstroke:#ffffff;\n}\n<\/style>\n<a href='mailto:mail@anne-barthelmess.de?subject=Anfrage Online Kurse'  class='avia-button av-mdpytxn6-2da449cb7fdbc7516a40fac3bb660d99 av-link-btn avia-icon_select-yes-left-icon avia-size-large avia-position-left'   aria-label=\"Jetzt anfragen\"><span class='avia_button_icon avia_button_icon_left avia-svg-icon avia-font-svg_entypo-fontello' data-av_svg_icon='mail' data-av_iconset='svg_entypo-fontello'><svg version=\"1.1\" xmlns=\"http:\/\/www.w3.org\/2000\/svg\" width=\"29\" height=\"32\" viewBox=\"0 0 29 32\" preserveAspectRatio=\"xMidYMid meet\" aria-labelledby='av-svg-title-1' aria-describedby='av-svg-desc-1' role=\"graphics-symbol\">\n<title id='av-svg-title-1'>Mail<\/title>\n<desc id='av-svg-desc-1'>Mail<\/desc>\n<path d=\"M0.96 8.448q-1.024-0.576-0.896-1.28 0.064-0.448 0.832-0.448h27.072q1.216 0 0.64 1.024-0.256 0.448-0.768 0.704-0.448 0.192-6.144 3.264t-5.824 3.136q-0.512 0.32-1.472 0.32-0.896 0-1.472-0.32-0.128-0.064-5.824-3.136t-6.144-3.264zM28.16 11.648q0.64-0.32 0.64 0.32v11.776q0 0.512-0.544 1.024t-1.056 0.512h-25.6q-0.512 0-1.056-0.512t-0.544-1.024v-11.776q0-0.64 0.64-0.32l12.288 6.4q0.576 0.32 1.472 0.32t1.472-0.32z\"><\/path>\n<\/svg><\/span><span class='avia_iconbox_title' >Jetzt anfragen<\/span><\/a><\/div><\/p><\/div>\n\n<style type=\"text\/css\" data-created_by=\"avia_inline_auto\" id=\"style-css-av-44ao-77294ddd1ef7cdb9da35fc4c9260338c\">\n#top .flex_column.av-44ao-77294ddd1ef7cdb9da35fc4c9260338c{\nmargin-top:0px;\nmargin-bottom:0px;\n}\n.flex_column.av-44ao-77294ddd1ef7cdb9da35fc4c9260338c{\nwidth:49.5%;\nmargin-left:1%;\npadding:20px 20px 20px 20px;\nbackground-color:#f7f7f7;\n}\n.responsive #top #wrap_all .flex_column.av-44ao-77294ddd1ef7cdb9da35fc4c9260338c{\nmargin-top:0px;\nmargin-bottom:0px;\n}\n<\/style>\n<div  class='flex_column av-44ao-77294ddd1ef7cdb9da35fc4c9260338c av_one_half  avia-builder-el-11  el_after_av_one_half  avia-builder-el-last  flex_column_div  '     ><section  class='av_textblock_section av-mnww7v10-47b81d2f97458681bdb3216bd5d57cd2 '   itemscope=\"itemscope\" itemtype=\"https:\/\/schema.org\/CreativeWork\" ><div class='avia_textblock'  itemprop=\"text\" ><h3>Qi Gong im Sommer<\/h3>\n<p><span style=\"font-size: 12pt;\"><strong>In 4 Terminen die 8 Brokate lernen<\/strong><\/span><\/p>\n<p><span style=\"font-size: 12pt;\">Harmonisierende \u00dcbungsfolge, gelenkschonend etwas f\u00fcr die Gesundheit tun, beweglich bleiben und zur Ruhe kommen. Nach 4 Terminen kannst du unabh\u00e4ngig von Anderen, Orten oder Terminen ins Tun kommen &#8211; <\/span><span style=\"font-size: 12pt;\">Pr\u00e4senz-Kurs in meiner Praxis &#8211;<\/span><\/p>\n<\/div><\/section><br \/>\n<section  class='av_textblock_section av-mnwwaa0o-745681c5fd81e4de3f002960f25b4b3f '   itemscope=\"itemscope\" itemtype=\"https:\/\/schema.org\/CreativeWork\" ><div class='avia_textblock'  itemprop=\"text\" ><p><span style=\"font-size: 12pt;\"><strong>Juli 2026<\/strong><\/span><br \/>\n<span style=\"font-size: 12pt;\">80 \u20ac \/ 01. + 08. + 15. + 22.07.26 \/ 17 &#8211; 18 Uhr<\/span><\/p>\n<\/div><\/section><br \/>\n<div  class='avia-button-wrap av-mnww6qbn-7593ee17d755cd206931c5520815d246-wrap avia-button-left  avia-builder-el-14  el_after_av_textblock  avia-builder-el-last '>\n<style type=\"text\/css\" data-created_by=\"avia_inline_auto\" id=\"style-css-av-mnww6qbn-7593ee17d755cd206931c5520815d246\">\n#top #wrap_all .avia-button.av-mnww6qbn-7593ee17d755cd206931c5520815d246{\nfont-size:18px;\nbackground-color:#007f9b;\nborder-color:#007f9b;\ncolor:#ffffff;\ntransition:all 0.4s ease-in-out;\n}\n#top #wrap_all .avia-button.av-mnww6qbn-7593ee17d755cd206931c5520815d246 .avia-svg-icon svg:first-child{\nfill:#ffffff;\nstroke:#ffffff;\n}\n<\/style>\n<a href='mailto:mail@anne-barthelmess.de?subject=Anfrage QiGong'  class='avia-button av-mnww6qbn-7593ee17d755cd206931c5520815d246 av-link-btn avia-icon_select-yes-left-icon avia-size-large avia-position-left'   aria-label=\"Jetzt anfragen\"><span class='avia_button_icon avia_button_icon_left avia-svg-icon avia-font-svg_entypo-fontello' data-av_svg_icon='mail' data-av_iconset='svg_entypo-fontello'><svg version=\"1.1\" xmlns=\"http:\/\/www.w3.org\/2000\/svg\" width=\"29\" height=\"32\" viewBox=\"0 0 29 32\" preserveAspectRatio=\"xMidYMid meet\" aria-labelledby='av-svg-title-2' aria-describedby='av-svg-desc-2' role=\"graphics-symbol\">\n<title id='av-svg-title-2'>Mail<\/title>\n<desc id='av-svg-desc-2'>Mail<\/desc>\n<path d=\"M0.96 8.448q-1.024-0.576-0.896-1.28 0.064-0.448 0.832-0.448h27.072q1.216 0 0.64 1.024-0.256 0.448-0.768 0.704-0.448 0.192-6.144 3.264t-5.824 3.136q-0.512 0.32-1.472 0.32-0.896 0-1.472-0.32-0.128-0.064-5.824-3.136t-6.144-3.264zM28.16 11.648q0.64-0.32 0.64 0.32v11.776q0 0.512-0.544 1.024t-1.056 0.512h-25.6q-0.512 0-1.056-0.512t-0.544-1.024v-11.776q0-0.64 0.64-0.32l12.288 6.4q0.576 0.32 1.472 0.32t1.472-0.32z\"><\/path>\n<\/svg><\/span><span class='avia_iconbox_title' >Jetzt anfragen<\/span><\/a><\/div><\/p><\/div>\n","protected":false},"excerpt":{"rendered":"","protected":false},"author":1,"featured_media":0,"parent":0,"menu_order":0,"comment_status":"closed","ping_status":"open","template":"","meta":{"footnotes":""},"class_list":["post-2","page","type-page","status-publish","hentry"],"yoast_head":"<!-- This site is optimized with the Yoast SEO plugin v26.5 - https:\/\/yoast.com\/wordpress\/plugins\/seo\/ -->\n<title>Feldenkrais in Berlin Charlottenburg mit Anne Barthelmess<\/title>\n<meta name=\"description\" content=\"Feldenkrais in Berlin\u2013Charlottenburg\/Wilmersdorf: Individuelle Stunden, Gruppen und Workshops \u2013 mit Anne\u202fBarthelmess.\" \/>\n<meta name=\"robots\" content=\"index, follow, max-snippet:-1, max-image-preview:large, max-video-preview:-1\" \/>\n<link rel=\"canonical\" href=\"https:\/\/anne-barthelmess.de\/index.php\/startseite\/\" \/>\n<meta property=\"og:locale\" content=\"de_DE\" \/>\n<meta property=\"og:type\" content=\"article\" \/>\n<meta property=\"og:title\" content=\"Feldenkrais in Berlin Charlottenburg mit Anne Barthelmess\" \/>\n<meta property=\"og:description\" content=\"Feldenkrais in Berlin\u2013Charlottenburg\/Wilmersdorf: Individuelle Stunden, Gruppen und Workshops \u2013 mit Anne\u202fBarthelmess.\" \/>\n<meta property=\"og:url\" content=\"https:\/\/anne-barthelmess.de\/index.php\/startseite\/\" \/>\n<meta property=\"og:site_name\" content=\"Anne Barthelme\u00df\" \/>\n<meta property=\"article:modified_time\" content=\"2026-04-13T12:45:33+00:00\" \/>\n<meta name=\"twitter:card\" content=\"summary_large_image\" \/>\n<meta name=\"twitter:label1\" content=\"Gesch\u00e4tzte Lesezeit\" \/>\n\t<meta name=\"twitter:data1\" content=\"2\u00a0Minuten\" \/>\n<script type=\"application\/ld+json\" class=\"yoast-schema-graph\">{\"@context\":\"https:\/\/schema.org\",\"@graph\":[{\"@type\":\"WebPage\",\"@id\":\"https:\/\/anne-barthelmess.de\/index.php\/startseite\/\",\"url\":\"https:\/\/anne-barthelmess.de\/index.php\/startseite\/\",\"name\":\"Feldenkrais in Berlin Charlottenburg mit Anne Barthelmess\",\"isPartOf\":{\"@id\":\"https:\/\/anne-barthelmess.de\/#website\"},\"datePublished\":\"2025-05-27T14:54:43+00:00\",\"dateModified\":\"2026-04-13T12:45:33+00:00\",\"description\":\"Feldenkrais in Berlin\u2013Charlottenburg\/Wilmersdorf: Individuelle Stunden, Gruppen und Workshops \u2013 mit Anne\u202fBarthelmess.\",\"breadcrumb\":{\"@id\":\"https:\/\/anne-barthelmess.de\/index.php\/startseite\/#breadcrumb\"},\"inLanguage\":\"de\",\"potentialAction\":[{\"@type\":\"ReadAction\",\"target\":[\"https:\/\/anne-barthelmess.de\/index.php\/startseite\/\"]}]},{\"@type\":\"BreadcrumbList\",\"@id\":\"https:\/\/anne-barthelmess.de\/index.php\/startseite\/#breadcrumb\",\"itemListElement\":[{\"@type\":\"ListItem\",\"position\":1,\"name\":\"Startseite\",\"item\":\"https:\/\/anne-barthelmess.de\/index.php\/startseite\/\"},{\"@type\":\"ListItem\",\"position\":2,\"name\":\"Feldenkrais in Berlin Charlottenburg mit Anne Barthelmess\"}]},{\"@type\":\"WebSite\",\"@id\":\"https:\/\/anne-barthelmess.de\/#website\",\"url\":\"https:\/\/anne-barthelmess.de\/\",\"name\":\"Anne Barthelme\u00df\",\"description\":\"Feldenkrais als Einzelstunde und Gruppenstunde in Berlin Charlottenburg\",\"publisher\":{\"@id\":\"https:\/\/anne-barthelmess.de\/#\/schema\/person\/b0108bfd55dfd6a45f19d6755e1c76d5\"},\"potentialAction\":[{\"@type\":\"SearchAction\",\"target\":{\"@type\":\"EntryPoint\",\"urlTemplate\":\"https:\/\/anne-barthelmess.de\/?s={search_term_string}\"},\"query-input\":{\"@type\":\"PropertyValueSpecification\",\"valueRequired\":true,\"valueName\":\"search_term_string\"}}],\"inLanguage\":\"de\"},{\"@type\":[\"Person\",\"Organization\"],\"@id\":\"https:\/\/anne-barthelmess.de\/#\/schema\/person\/b0108bfd55dfd6a45f19d6755e1c76d5\",\"name\":\"admin\",\"image\":{\"@type\":\"ImageObject\",\"inLanguage\":\"de\",\"@id\":\"https:\/\/anne-barthelmess.de\/#\/schema\/person\/image\/\",\"url\":\"https:\/\/anne-barthelmess.de\/wordpress\/wp-content\/uploads\/2025\/06\/cropped-anne_thumb.jpg\",\"contentUrl\":\"https:\/\/anne-barthelmess.de\/wordpress\/wp-content\/uploads\/2025\/06\/cropped-anne_thumb.jpg\",\"width\":67,\"height\":72,\"caption\":\"admin\"},\"logo\":{\"@id\":\"https:\/\/anne-barthelmess.de\/#\/schema\/person\/image\/\"},\"sameAs\":[\"https:\/\/anne-barthelmess.de\/wordpress\"]}]}<\/script>\n<!-- \/ Yoast SEO plugin. -->","yoast_head_json":{"title":"Feldenkrais in Berlin Charlottenburg mit Anne Barthelmess","description":"Feldenkrais in Berlin\u2013Charlottenburg\/Wilmersdorf: Individuelle Stunden, Gruppen und Workshops \u2013 mit Anne\u202fBarthelmess.","robots":{"index":"index","follow":"follow","max-snippet":"max-snippet:-1","max-image-preview":"max-image-preview:large","max-video-preview":"max-video-preview:-1"},"canonical":"https:\/\/anne-barthelmess.de\/index.php\/startseite\/","og_locale":"de_DE","og_type":"article","og_title":"Feldenkrais in Berlin Charlottenburg mit Anne Barthelmess","og_description":"Feldenkrais in Berlin\u2013Charlottenburg\/Wilmersdorf: Individuelle Stunden, Gruppen und Workshops \u2013 mit Anne\u202fBarthelmess.","og_url":"https:\/\/anne-barthelmess.de\/index.php\/startseite\/","og_site_name":"Anne Barthelme\u00df","article_modified_time":"2026-04-13T12:45:33+00:00","twitter_card":"summary_large_image","twitter_misc":{"Gesch\u00e4tzte Lesezeit":"2\u00a0Minuten"},"schema":{"@context":"https:\/\/schema.org","@graph":[{"@type":"WebPage","@id":"https:\/\/anne-barthelmess.de\/index.php\/startseite\/","url":"https:\/\/anne-barthelmess.de\/index.php\/startseite\/","name":"Feldenkrais in Berlin Charlottenburg mit Anne Barthelmess","isPartOf":{"@id":"https:\/\/anne-barthelmess.de\/#website"},"datePublished":"2025-05-27T14:54:43+00:00","dateModified":"2026-04-13T12:45:33+00:00","description":"Feldenkrais in Berlin\u2013Charlottenburg\/Wilmersdorf: Individuelle Stunden, Gruppen und Workshops \u2013 mit Anne\u202fBarthelmess.","breadcrumb":{"@id":"https:\/\/anne-barthelmess.de\/index.php\/startseite\/#breadcrumb"},"inLanguage":"de","potentialAction":[{"@type":"ReadAction","target":["https:\/\/anne-barthelmess.de\/index.php\/startseite\/"]}]},{"@type":"BreadcrumbList","@id":"https:\/\/anne-barthelmess.de\/index.php\/startseite\/#breadcrumb","itemListElement":[{"@type":"ListItem","position":1,"name":"Startseite","item":"https:\/\/anne-barthelmess.de\/index.php\/startseite\/"},{"@type":"ListItem","position":2,"name":"Feldenkrais in Berlin Charlottenburg mit Anne Barthelmess"}]},{"@type":"WebSite","@id":"https:\/\/anne-barthelmess.de\/#website","url":"https:\/\/anne-barthelmess.de\/","name":"Anne Barthelme\u00df","description":"Feldenkrais als Einzelstunde und Gruppenstunde in Berlin Charlottenburg","publisher":{"@id":"https:\/\/anne-barthelmess.de\/#\/schema\/person\/b0108bfd55dfd6a45f19d6755e1c76d5"},"potentialAction":[{"@type":"SearchAction","target":{"@type":"EntryPoint","urlTemplate":"https:\/\/anne-barthelmess.de\/?s={search_term_string}"},"query-input":{"@type":"PropertyValueSpecification","valueRequired":true,"valueName":"search_term_string"}}],"inLanguage":"de"},{"@type":["Person","Organization"],"@id":"https:\/\/anne-barthelmess.de\/#\/schema\/person\/b0108bfd55dfd6a45f19d6755e1c76d5","name":"admin","image":{"@type":"ImageObject","inLanguage":"de","@id":"https:\/\/anne-barthelmess.de\/#\/schema\/person\/image\/","url":"https:\/\/anne-barthelmess.de\/wordpress\/wp-content\/uploads\/2025\/06\/cropped-anne_thumb.jpg","contentUrl":"https:\/\/anne-barthelmess.de\/wordpress\/wp-content\/uploads\/2025\/06\/cropped-anne_thumb.jpg","width":67,"height":72,"caption":"admin"},"logo":{"@id":"https:\/\/anne-barthelmess.de\/#\/schema\/person\/image\/"},"sameAs":["https:\/\/anne-barthelmess.de\/wordpress"]}]}},"_links":{"self":[{"href":"https:\/\/anne-barthelmess.de\/index.php\/wp-json\/wp\/v2\/pages\/2","targetHints":{"allow":["GET"]}}],"collection":[{"href":"https:\/\/anne-barthelmess.de\/index.php\/wp-json\/wp\/v2\/pages"}],"about":[{"href":"https:\/\/anne-barthelmess.de\/index.php\/wp-json\/wp\/v2\/types\/page"}],"author":[{"embeddable":true,"href":"https:\/\/anne-barthelmess.de\/index.php\/wp-json\/wp\/v2\/users\/1"}],"replies":[{"embeddable":true,"href":"https:\/\/anne-barthelmess.de\/index.php\/wp-json\/wp\/v2\/comments?post=2"}],"version-history":[{"count":48,"href":"https:\/\/anne-barthelmess.de\/index.php\/wp-json\/wp\/v2\/pages\/2\/revisions"}],"predecessor-version":[{"id":617,"href":"https:\/\/anne-barthelmess.de\/index.php\/wp-json\/wp\/v2\/pages\/2\/revisions\/617"}],"wp:attachment":[{"href":"https:\/\/anne-barthelmess.de\/index.php\/wp-json\/wp\/v2\/media?parent=2"}],"curies":[{"name":"wp","href":"https:\/\/api.w.org\/{rel}","templated":true}]}}